{"id":114,"date":"2025-03-08T15:46:21","date_gmt":"2025-03-08T12:46:21","guid":{"rendered":"https:\/\/pomeranianboo.com\/de\/?page_id=114"},"modified":"2025-04-12T13:34:52","modified_gmt":"2025-04-12T10:34:52","slug":"uber-uns","status":"publish","type":"page","link":"https:\/\/pomeranianboo.com\/de\/uber-uns\/","title":{"rendered":"\u00dcber Uns"},"content":{"rendered":"\t\t<div data-elementor-type=\"wp-page\" data-elementor-id=\"114\" class=\"elementor elementor-114\" data-elementor-post-type=\"page\">\n\t\t\t\t<div class=\"elementor-element elementor-element-51de29cc e-con-full e-flex e-con e-parent\" data-id=\"51de29cc\" data-element_type=\"container\" data-settings=\"{&quot;background_background&quot;:&quot;classic&quot;}\">\n\t\t\t\t<\/div>\n\t\t<div class=\"elementor-element elementor-element-b81b252 e-flex e-con-boxed e-con e-parent\" data-id=\"b81b252\" data-element_type=\"container\">\n\t\t\t\t\t<div class=\"e-con-inner\">\n\t\t\t\t<div class=\"elementor-element elementor-element-0df38d3 elementor-widget-tablet__width-initial elementor-widget-mobile__width-initial elementor-widget elementor-widget-elementskit-heading\" data-id=\"0df38d3\" data-element_type=\"widget\" data-widget_type=\"elementskit-heading.default\">\n\t\t\t\t<div class=\"elementor-widget-container\">\n\t\t\t\t\t<div class=\"ekit-wid-con\" ><div class=\"ekit-heading elementskit-section-title-wraper text_left   ekit_heading_tablet-text_center   ekit_heading_mobile-\">\t\t\t\t<div class='ekit-heading__description'>\n\t\t\t\t\t<p><\/p>\n<h1 class=\"wp-block-heading\"><strong>POMERANIAN BOO HOUSE: EINE FAMILIE IN DER WELT DER POMERANIANS<\/strong><\/h1>\n<p>Als\u00a0<strong>Pomeranian Boo House<\/strong>\u00a0sind wir eine Familie, die seit Jahren verschiedene Pomeranian-Rassen beherbergt und sich daf\u00fcr einsetzt, das Leben dieser niedlichen Gef\u00e4hrten bestm\u00f6glich zu gestalten. Wir betreiben nicht nur Hundezucht, sondern setzen uns auch daf\u00fcr ein, die Lebensqualit\u00e4t der Pomeranians zu steigern und sie in liebevolle H\u00e4user zu vermitteln.<\/p>\n<h2><strong>Was macht die Pomeranian Boo House-Familie?<\/strong><\/h2>\n<p>In unseren drei Zuchtst\u00e4tten in\u00a0<strong>Bangkok\/Thailand, Seoul\/S\u00fcdkorea und Istanbul\/T\u00fcrkei<\/strong>\u00a0planen wir gemeinsam mit respektierten und erfahrenen Z\u00fcchtern jeden Detailabschnitt im Leben unserer Pomeranians \u2013 von ihrer Geburt bis zu dem Moment, in dem sie bei Ihnen einziehen. In allen wesentlichen Bereichen wie\u00a0<strong>Gesundheit, Pflege, Training und Sozialisierung<\/strong>\u00a0verfolgen wir einen professionellen Ansatz.<\/p>\n<p>Jeder Pomeranian, der bei uns geboren und von Ihnen adoptiert wird, wird von Geburt an sorgf\u00e4ltig begleitet. Alle offiziellen Dokumente werden vollst\u00e4ndig ausgestellt, Gesundheitschecks durchgef\u00fchrt und das Training in unserem\u00a0<strong>speziellen Pom-Veterin\u00e4r- und Ausbildungszentrum<\/strong>\u00a0absolviert. Dieses Zentrum wird von einem Expertenteam geleitet, das sich ausschlie\u00dflich auf die Bed\u00fcrfnisse von Pomeranians konzentriert.<\/p>\n<h2><strong>Auf dem Weg zu einer weltweit anerkannten Marke<\/strong><\/h2>\n<p>Um unseren professionellen Ansatz auch international zu best\u00e4tigen, nehmen wir an Wettbewerben der\u00a0<strong>FCI (F\u00e9d\u00e9ration Cynologique Internationale)<\/strong>\u00a0teil. Als erstes und einziges Unternehmen, das die T\u00fcrkei vertritt, haben wir in den letzten drei Jahren bei diesen Wettbewerben in der Kategorie\u00a0<strong>\u201eSch\u00f6nster Pomeranian\u201c<\/strong>\u00a0Auszeichnungen gewonnen und unser Land stolz repr\u00e4sentiert. Diese Erfolge sind nicht nur eine Quelle des Stolzes, sondern auch ein Beweis f\u00fcr die Qualit\u00e4t unserer Pomeranians und unsere hohen Zuchtstandards.<\/p>\n<h2><strong>Auch nach der Vermittlung sind wir f\u00fcr Sie da!<\/strong><\/h2>\n<p>Als\u00a0<strong>Pomeranian Boo House<\/strong>\u00a0bleiben wir auch nach der Vermittlung ein Teil des Lebens Ihres Pomeranians. Wir unterst\u00fctzen Sie weiterhin bei\u00a0<strong>Gesundheitschecks, Pflege und Training<\/strong>. Unser tier\u00e4rztliches Beratungsteam steht Ihnen\u00a0<strong>24\/7<\/strong>\u00a0zur Seite und leitet Sie in jedem Moment an, in dem Sie Hilfe ben\u00f6tigen.<\/p>\n<p>Falls Sie in Ihrem hektischen Alltag keine Zeit f\u00fcr den\u00a0<strong>Friseurbesuch, Impfungen oder Training<\/strong>\u00a0Ihres Pomeranians finden, ist unser Team f\u00fcr Sie da \u2013 egal, wo Sie sind. F\u00fcr uns ist jeder Pomeranian nicht nur ein Hund, sondern ein Teil Ihrer Familie. Deshalb stehen sein\u00a0<strong>Gl\u00fcck und seine Gesundheit<\/strong>\u00a0f\u00fcr uns immer an erster Stelle.<\/p>\n<h2><strong>Warum Pomeranian Boo House?<\/strong><\/h2>\n<p>Weil wir nicht nur Hundezucht betreiben. Wir setzen uns daf\u00fcr ein, dass Pomeranians ein bestm\u00f6gliches Leben f\u00fchren, in liebevollen H\u00e4usern ein Zuhause finden und eine langj\u00e4hrige Bindung zu Ihnen aufbauen k\u00f6nnen.\u00a0<strong>Pomeranian Boo House<\/strong>\u00a0ist mehr als ein Z\u00fcchter \u2013 wir sind eine Familie, und wir laden Sie ein, Teil dieser Familie zu werden.<\/p>\n<p><strong>Willkommen beim Pomeranian Boo House!<\/strong>\u00a0\ud83d\udc3e<\/p>\n<p><\/p>\n\t\t\t\t<\/div>\n\t\t\t<\/div><\/div>\t\t\t\t<\/div>\n\t\t\t\t<\/div>\n\t\t\t\t\t<\/div>\n\t\t\t\t<\/div>\n\t\t\t\t<\/div>\n\t\t","protected":false},"excerpt":{"rendered":"<p>POMERANIAN BOO HOUSE: EINE FAMILIE IN DER WELT DER POMERANIANS Als\u00a0Pomeranian Boo House\u00a0sind wir eine Familie, die seit Jahren verschiedene Pomeranian-Rassen beherbergt und sich daf\u00fcr einsetzt, das Leben dieser niedlichen Gef\u00e4hrten bestm\u00f6glich zu gestalten. Wir betreiben nicht nur Hundezucht, sondern setzen uns auch daf\u00fcr ein, die Lebensqualit\u00e4t der Pomeranians zu steigern und sie in liebevolle [&hellip;]<\/p>\n","protected":false},"author":1,"featured_media":0,"parent":0,"menu_order":0,"comment_status":"closed","ping_status":"closed","template":"","meta":{"footnotes":""},"class_list":["post-114","page","type-page","status-publish","hentry"],"yoast_head":"<!-- This site is optimized with the Yoast SEO plugin v26.6 - https:\/\/yoast.com\/wordpress\/plugins\/seo\/ -->\n<title>\u00dcber Uns - Pomeranian Boo House<\/title>\n<meta name=\"robots\" content=\"index, follow, max-snippet:-1, max-image-preview:large, max-video-preview:-1\" \/>\n<link rel=\"canonical\" href=\"https:\/\/pomeranianboo.com\/de\/uber-uns\/\" \/>\n<meta property=\"og:locale\" content=\"tr_TR\" \/>\n<meta property=\"og:type\" content=\"article\" \/>\n<meta property=\"og:title\" content=\"\u00dcber Uns - Pomeranian Boo House\" \/>\n<meta property=\"og:description\" content=\"POMERANIAN BOO HOUSE: EINE FAMILIE IN DER WELT DER POMERANIANS Als\u00a0Pomeranian Boo House\u00a0sind wir eine Familie, die seit Jahren verschiedene Pomeranian-Rassen beherbergt und sich daf\u00fcr einsetzt, das Leben dieser niedlichen Gef\u00e4hrten bestm\u00f6glich zu gestalten. Wir betreiben nicht nur Hundezucht, sondern setzen uns auch daf\u00fcr ein, die Lebensqualit\u00e4t der Pomeranians zu steigern und sie in liebevolle [&hellip;]\" \/>\n<meta property=\"og:url\" content=\"https:\/\/pomeranianboo.com\/de\/uber-uns\/\" \/>\n<meta property=\"og:site_name\" content=\"Pomeranian Boo House\" \/>\n<meta property=\"article:modified_time\" content=\"2025-04-12T10:34:52+00:00\" \/>\n<meta name=\"twitter:card\" content=\"summary_large_image\" \/>\n<meta name=\"twitter:label1\" content=\"Tahmini okuma s\u00fcresi\" \/>\n\t<meta name=\"twitter:data1\" content=\"3 dakika\" \/>\n<script type=\"application\/ld+json\" class=\"yoast-schema-graph\">{\"@context\":\"https:\/\/schema.org\",\"@graph\":[{\"@type\":\"WebPage\",\"@id\":\"https:\/\/pomeranianboo.com\/de\/uber-uns\/\",\"url\":\"https:\/\/pomeranianboo.com\/de\/uber-uns\/\",\"name\":\"\u00dcber Uns - Pomeranian Boo House\",\"isPartOf\":{\"@id\":\"https:\/\/pomeranianboo.com\/de\/#website\"},\"datePublished\":\"2025-03-08T12:46:21+00:00\",\"dateModified\":\"2025-04-12T10:34:52+00:00\",\"breadcrumb\":{\"@id\":\"https:\/\/pomeranianboo.com\/de\/uber-uns\/#breadcrumb\"},\"inLanguage\":\"tr\",\"potentialAction\":[{\"@type\":\"ReadAction\",\"target\":[\"https:\/\/pomeranianboo.com\/de\/uber-uns\/\"]}]},{\"@type\":\"BreadcrumbList\",\"@id\":\"https:\/\/pomeranianboo.com\/de\/uber-uns\/#breadcrumb\",\"itemListElement\":[{\"@type\":\"ListItem\",\"position\":1,\"name\":\"Anasayfa\",\"item\":\"https:\/\/pomeranianboo.com\/de\/\"},{\"@type\":\"ListItem\",\"position\":2,\"name\":\"\u00dcber Uns\"}]},{\"@type\":\"WebSite\",\"@id\":\"https:\/\/pomeranianboo.com\/de\/#website\",\"url\":\"https:\/\/pomeranianboo.com\/de\/\",\"name\":\"Pomeranian Boo House\",\"description\":\"\",\"publisher\":{\"@id\":\"https:\/\/pomeranianboo.com\/de\/#organization\"},\"potentialAction\":[{\"@type\":\"SearchAction\",\"target\":{\"@type\":\"EntryPoint\",\"urlTemplate\":\"https:\/\/pomeranianboo.com\/de\/?s={search_term_string}\"},\"query-input\":{\"@type\":\"PropertyValueSpecification\",\"valueRequired\":true,\"valueName\":\"search_term_string\"}}],\"inLanguage\":\"tr\"},{\"@type\":\"Organization\",\"@id\":\"https:\/\/pomeranianboo.com\/de\/#organization\",\"name\":\"Pomeranian Boo House\",\"url\":\"https:\/\/pomeranianboo.com\/de\/\",\"logo\":{\"@type\":\"ImageObject\",\"inLanguage\":\"tr\",\"@id\":\"https:\/\/pomeranianboo.com\/de\/#\/schema\/logo\/image\/\",\"url\":\"https:\/\/pomeranianboo.com\/de\/wp-content\/uploads\/2025\/08\/logo.webp\",\"contentUrl\":\"https:\/\/pomeranianboo.com\/de\/wp-content\/uploads\/2025\/08\/logo.webp\",\"width\":1080,\"height\":1080,\"caption\":\"Pomeranian Boo House\"},\"image\":{\"@id\":\"https:\/\/pomeranianboo.com\/de\/#\/schema\/logo\/image\/\"}}]}<\/script>\n<!-- \/ Yoast SEO plugin. -->","yoast_head_json":{"title":"\u00dcber Uns - Pomeranian Boo House","robots":{"index":"index","follow":"follow","max-snippet":"max-snippet:-1","max-image-preview":"max-image-preview:large","max-video-preview":"max-video-preview:-1"},"canonical":"https:\/\/pomeranianboo.com\/de\/uber-uns\/","og_locale":"tr_TR","og_type":"article","og_title":"\u00dcber Uns - Pomeranian Boo House","og_description":"POMERANIAN BOO HOUSE: EINE FAMILIE IN DER WELT DER POMERANIANS Als\u00a0Pomeranian Boo House\u00a0sind wir eine Familie, die seit Jahren verschiedene Pomeranian-Rassen beherbergt und sich daf\u00fcr einsetzt, das Leben dieser niedlichen Gef\u00e4hrten bestm\u00f6glich zu gestalten. Wir betreiben nicht nur Hundezucht, sondern setzen uns auch daf\u00fcr ein, die Lebensqualit\u00e4t der Pomeranians zu steigern und sie in liebevolle [&hellip;]","og_url":"https:\/\/pomeranianboo.com\/de\/uber-uns\/","og_site_name":"Pomeranian Boo House","article_modified_time":"2025-04-12T10:34:52+00:00","twitter_card":"summary_large_image","twitter_misc":{"Tahmini okuma s\u00fcresi":"3 dakika"},"schema":{"@context":"https:\/\/schema.org","@graph":[{"@type":"WebPage","@id":"https:\/\/pomeranianboo.com\/de\/uber-uns\/","url":"https:\/\/pomeranianboo.com\/de\/uber-uns\/","name":"\u00dcber Uns - Pomeranian Boo House","isPartOf":{"@id":"https:\/\/pomeranianboo.com\/de\/#website"},"datePublished":"2025-03-08T12:46:21+00:00","dateModified":"2025-04-12T10:34:52+00:00","breadcrumb":{"@id":"https:\/\/pomeranianboo.com\/de\/uber-uns\/#breadcrumb"},"inLanguage":"tr","potentialAction":[{"@type":"ReadAction","target":["https:\/\/pomeranianboo.com\/de\/uber-uns\/"]}]},{"@type":"BreadcrumbList","@id":"https:\/\/pomeranianboo.com\/de\/uber-uns\/#breadcrumb","itemListElement":[{"@type":"ListItem","position":1,"name":"Anasayfa","item":"https:\/\/pomeranianboo.com\/de\/"},{"@type":"ListItem","position":2,"name":"\u00dcber Uns"}]},{"@type":"WebSite","@id":"https:\/\/pomeranianboo.com\/de\/#website","url":"https:\/\/pomeranianboo.com\/de\/","name":"Pomeranian Boo House","description":"","publisher":{"@id":"https:\/\/pomeranianboo.com\/de\/#organization"},"potentialAction":[{"@type":"SearchAction","target":{"@type":"EntryPoint","urlTemplate":"https:\/\/pomeranianboo.com\/de\/?s={search_term_string}"},"query-input":{"@type":"PropertyValueSpecification","valueRequired":true,"valueName":"search_term_string"}}],"inLanguage":"tr"},{"@type":"Organization","@id":"https:\/\/pomeranianboo.com\/de\/#organization","name":"Pomeranian Boo House","url":"https:\/\/pomeranianboo.com\/de\/","logo":{"@type":"ImageObject","inLanguage":"tr","@id":"https:\/\/pomeranianboo.com\/de\/#\/schema\/logo\/image\/","url":"https:\/\/pomeranianboo.com\/de\/wp-content\/uploads\/2025\/08\/logo.webp","contentUrl":"https:\/\/pomeranianboo.com\/de\/wp-content\/uploads\/2025\/08\/logo.webp","width":1080,"height":1080,"caption":"Pomeranian Boo House"},"image":{"@id":"https:\/\/pomeranianboo.com\/de\/#\/schema\/logo\/image\/"}}]}},"_links":{"self":[{"href":"https:\/\/pomeranianboo.com\/de\/wp-json\/wp\/v2\/pages\/114","targetHints":{"allow":["GET"]}}],"collection":[{"href":"https:\/\/pomeranianboo.com\/de\/wp-json\/wp\/v2\/pages"}],"about":[{"href":"https:\/\/pomeranianboo.com\/de\/wp-json\/wp\/v2\/types\/page"}],"author":[{"embeddable":true,"href":"https:\/\/pomeranianboo.com\/de\/wp-json\/wp\/v2\/users\/1"}],"replies":[{"embeddable":true,"href":"https:\/\/pomeranianboo.com\/de\/wp-json\/wp\/v2\/comments?post=114"}],"version-history":[{"count":0,"href":"https:\/\/pomeranianboo.com\/de\/wp-json\/wp\/v2\/pages\/114\/revisions"}],"wp:attachment":[{"href":"https:\/\/pomeranianboo.com\/de\/wp-json\/wp\/v2\/media?parent=114"}],"curies":[{"name":"wp","href":"https:\/\/api.w.org\/{rel}","templated":true}]}}